{"id":453,"date":"2025-12-30T18:10:58","date_gmt":"2025-12-30T17:10:58","guid":{"rendered":"https:\/\/savohead.com\/home\/?page_id=453"},"modified":"2026-01-01T12:40:34","modified_gmt":"2026-01-01T11:40:34","slug":"affondo-perduto","status":"publish","type":"page","link":"https:\/\/savohead.com\/home\/affondo-perduto\/","title":{"rendered":"Affondo perduto"},"content":{"rendered":"\n<div class=\"wp-block-buttons is-content-justification-right is-layout-flex wp-container-core-buttons-is-layout-fc306653 wp-block-buttons-is-layout-flex\">\n<div class=\"wp-block-button\"><a class=\"wp-block-button__link wp-element-button\" href=\"https:\/\/savohead.com\/home\/affondo-perduto\/feed\/\">Feed RSS<\/a><\/div>\n<\/div>\n\n\n\n<div class=\"wp-block-query alignfull is-layout-flow wp-block-query-is-layout-flow\">\n<div class=\"wp-block-group alignfull is-layout-flow wp-block-group-is-layout-flow\" style=\"padding-top:var(--wp--preset--spacing--40);padding-right:var(--wp--preset--spacing--40);padding-bottom:var(--wp--preset--spacing--40);padding-left:var(--wp--preset--spacing--40)\"><ul style=\"text-transform:none;\" class=\"wp-block-post-template is-layout-flow wp-block-post-template-is-layout-flow\"><li class=\"wp-block-post post-553 post type-post status-publish format-standard hentry category-blog-affondo-perduto\">\n\n<div class=\"wp-block-group has-global-padding is-content-justification-left is-layout-constrained wp-container-core-group-is-layout-177c594d wp-block-group-is-layout-constrained\">\n<div class=\"wp-block-group is-vertical is-layout-flex wp-container-core-group-is-layout-cedeea28 wp-block-group-is-layout-flex\" style=\"padding-bottom:var(--wp--preset--spacing--80)\"><div style=\"font-size:clamp(0.875rem, 0.875rem + ((1vw - 0.2rem) * 0.029), 0.9rem);letter-spacing:1px; margin-top:0;margin-right:0;margin-bottom:0;margin-left:0;\" class=\"has-text-align-left has-link-color wp-elements-ac2287e58ff1ab9b47e701aaabe2723e wp-block-post-date has-text-color has-contrast-color\"><time datetime=\"2026-01-30T12:51:57+01:00\">1\/30\/2026<\/time><\/div>\n\n\n<div class=\"wp-block-group has-global-padding is-layout-constrained wp-block-group-is-layout-constrained\" style=\"margin-top:0;margin-bottom:0\"><h2 style=\"font-size:clamp(2.46rem, 2.46rem + ((1vw - 0.2rem) * 2.518), 4.6rem);font-style:normal;font-weight:600;line-height:1;\" class=\"has-link-color wp-elements-6c63676d444148112043a3d23d59cf70 wp-block-post-title has-text-color has-contrast-color\"><a href=\"https:\/\/savohead.com\/home\/blog-affondo-perduto\/la-virtu-di-chi-puo\/\" target=\"_self\" >La virt\u00f9 di chi pu\u00f2<\/a><\/h2>\n\n<div style=\"line-height:1.7;\" class=\"wp-block-post-excerpt has-small-font-size\"><p class=\"wp-block-post-excerpt__excerpt\">Ci sono un po&#8217; di pensieri sparsi, ultimamente, che rendono il tutto un po&#8217; ostico, nel senso che \u00e8 di difficile interpretazione e &#8220;accoglienza&#8221;.Sono sempre stata una persona verbosa, anche se silenziosa. Se non ho nulla da dire o se voglio ascoltare e imparare, resto zitto o ci provo.Questa \u00e8 una cosa calma.E secondo me&hellip; <\/p><\/div><\/div>\n<\/div>\n<\/div>\n\n<\/li><li class=\"wp-block-post post-543 post type-post status-publish format-standard hentry category-blog-affondo-perduto\">\n\n<div class=\"wp-block-group has-global-padding is-content-justification-left is-layout-constrained wp-container-core-group-is-layout-177c594d wp-block-group-is-layout-constrained\">\n<div class=\"wp-block-group is-vertical is-layout-flex wp-container-core-group-is-layout-cedeea28 wp-block-group-is-layout-flex\" style=\"padding-bottom:var(--wp--preset--spacing--80)\"><div style=\"font-size:clamp(0.875rem, 0.875rem + ((1vw - 0.2rem) * 0.029), 0.9rem);letter-spacing:1px; margin-top:0;margin-right:0;margin-bottom:0;margin-left:0;\" class=\"has-text-align-left has-link-color wp-elements-ac2287e58ff1ab9b47e701aaabe2723e wp-block-post-date has-text-color has-contrast-color\"><time datetime=\"2026-01-15T15:51:37+01:00\">1\/15\/2026<\/time><\/div>\n\n\n<div class=\"wp-block-group has-global-padding is-layout-constrained wp-block-group-is-layout-constrained\" style=\"margin-top:0;margin-bottom:0\"><h2 style=\"font-size:clamp(2.46rem, 2.46rem + ((1vw - 0.2rem) * 2.518), 4.6rem);font-style:normal;font-weight:600;line-height:1;\" class=\"has-link-color wp-elements-6c63676d444148112043a3d23d59cf70 wp-block-post-title has-text-color has-contrast-color\"><a href=\"https:\/\/savohead.com\/home\/blog-affondo-perduto\/tempi-tecnici-titubanti\/\" target=\"_self\" >Tempi tecnici titubanti<\/a><\/h2>\n\n<div style=\"line-height:1.7;\" class=\"wp-block-post-excerpt has-small-font-size\"><p class=\"wp-block-post-excerpt__excerpt\">Questo sar\u00e0 un post poco filosofico e &#8220;molto tecnico&#8221; (nel senso che parlo di &#8220;roba&#8221;, non che ci metta i paroloni tecnici di chi sviluppa o serverizza), ma \u00e8 giusto per chiarire che non \u00e8 che io stia prendendomi un anno per fare il figo, o per farmi vedere o perch\u00e9 sono pigro (beh, anche&hellip; <\/p><\/div><\/div>\n<\/div>\n<\/div>\n\n<\/li><li class=\"wp-block-post post-537 post type-post status-publish format-standard hentry category-blog-affondo-perduto\">\n\n<div class=\"wp-block-group has-global-padding is-content-justification-left is-layout-constrained wp-container-core-group-is-layout-177c594d wp-block-group-is-layout-constrained\">\n<div class=\"wp-block-group is-vertical is-layout-flex wp-container-core-group-is-layout-cedeea28 wp-block-group-is-layout-flex\" style=\"padding-bottom:var(--wp--preset--spacing--80)\"><div style=\"font-size:clamp(0.875rem, 0.875rem + ((1vw - 0.2rem) * 0.029), 0.9rem);letter-spacing:1px; margin-top:0;margin-right:0;margin-bottom:0;margin-left:0;\" class=\"has-text-align-left has-link-color wp-elements-ac2287e58ff1ab9b47e701aaabe2723e wp-block-post-date has-text-color has-contrast-color\"><time datetime=\"2026-01-12T15:38:56+01:00\">1\/12\/2026<\/time><\/div>\n\n\n<div class=\"wp-block-group has-global-padding is-layout-constrained wp-block-group-is-layout-constrained\" style=\"margin-top:0;margin-bottom:0\"><h2 style=\"font-size:clamp(2.46rem, 2.46rem + ((1vw - 0.2rem) * 2.518), 4.6rem);font-style:normal;font-weight:600;line-height:1;\" class=\"has-link-color wp-elements-6c63676d444148112043a3d23d59cf70 wp-block-post-title has-text-color has-contrast-color\"><a href=\"https:\/\/savohead.com\/home\/blog-affondo-perduto\/fine-di-un-mezzo\/\" target=\"_self\" >Fine di un mezzo<\/a><\/h2>\n\n<div style=\"line-height:1.7;\" class=\"wp-block-post-excerpt has-small-font-size\"><p class=\"wp-block-post-excerpt__excerpt\">Avere troppo tempo per pensare porta a un sacco di derive. Se avessi un lavoro vero, molto probabilmente sarei troppo impegnato e stanco per cadere in depressione per il fatto di non riuscire a cambiare il mondo. Ma intanto il dolore fisico e la malattia di questi giorni mi portano a vedere tutto mezzo vuoto,&hellip; <\/p><\/div><\/div>\n<\/div>\n<\/div>\n\n<\/li><\/ul><\/div>\n\n\n\n<div class=\"wp-block-group has-global-padding is-content-justification-left is-layout-constrained wp-container-core-group-is-layout-9821ac42 wp-block-group-is-layout-constrained\" style=\"margin-top:0;margin-bottom:0;padding-top:0;padding-right:var(--wp--preset--spacing--40);padding-bottom:var(--wp--preset--spacing--40);padding-left:var(--wp--preset--spacing--40)\"><nav class=\"wp-block-query-pagination is-content-justification-left is-nowrap is-layout-flex wp-container-core-query-pagination-is-layout-fc9f69e7 wp-block-query-pagination-is-layout-flex\" aria-label=\"Paginazione\">\n\n\n<a href=\"\/home\/wp-json\/wp\/v2\/pages\/453?query-31-page=2\" style=\"font-size:clamp(0.875rem, 0.875rem + ((1vw - 0.2rem) * 0.029), 0.9rem);text-transform:uppercase;letter-spacing:1px;\" class=\"wp-elements-165a8aa96a7546446f11c5f70728c230 wp-block-query-pagination-next\">Pagina successiva<\/a>\n<\/nav><\/div>\n<\/div>\n\n\n\n<p><\/p>\n","protected":false},"excerpt":{"rendered":"","protected":false},"author":1,"featured_media":0,"parent":0,"menu_order":0,"comment_status":"closed","ping_status":"closed","template":"affondo-perduto","meta":{"footnotes":""},"class_list":["post-453","page","type-page","status-publish","hentry"],"_links":{"self":[{"href":"https:\/\/savohead.com\/home\/wp-json\/wp\/v2\/pages\/453","targetHints":{"allow":["GET"]}}],"collection":[{"href":"https:\/\/savohead.com\/home\/wp-json\/wp\/v2\/pages"}],"about":[{"href":"https:\/\/savohead.com\/home\/wp-json\/wp\/v2\/types\/page"}],"author":[{"embeddable":true,"href":"https:\/\/savohead.com\/home\/wp-json\/wp\/v2\/users\/1"}],"replies":[{"embeddable":true,"href":"https:\/\/savohead.com\/home\/wp-json\/wp\/v2\/comments?post=453"}],"version-history":[{"count":11,"href":"https:\/\/savohead.com\/home\/wp-json\/wp\/v2\/pages\/453\/revisions"}],"predecessor-version":[{"id":507,"href":"https:\/\/savohead.com\/home\/wp-json\/wp\/v2\/pages\/453\/revisions\/507"}],"wp:attachment":[{"href":"https:\/\/savohead.com\/home\/wp-json\/wp\/v2\/media?parent=453"}],"curies":[{"name":"wp","href":"https:\/\/api.w.org\/{rel}","templated":true}]}}