{"id":15,"date":"2024-02-23T14:30:11","date_gmt":"2024-02-23T13:30:11","guid":{"rendered":"https:\/\/savohead.com\/home\/?page_id=15"},"modified":"2025-12-30T18:46:05","modified_gmt":"2025-12-30T17:46:05","slug":"scrivo","status":"publish","type":"page","link":"https:\/\/savohead.com\/home\/scrivo\/","title":{"rendered":"Scrivo"},"content":{"rendered":"\n<figure class=\"wp-block-image size-full\"><img loading=\"lazy\" decoding=\"async\" width=\"10\" height=\"10\" src=\"https:\/\/savohead.com\/home\/wp-content\/uploads\/2024\/02\/10x10transparent.png\" alt=\"\" class=\"wp-image-20\"\/><\/figure>\n\n\n\n<figure class=\"wp-block-image size-full\"><img loading=\"lazy\" decoding=\"async\" width=\"10\" height=\"10\" src=\"https:\/\/savohead.com\/home\/wp-content\/uploads\/2024\/02\/10x10transparent.png\" alt=\"\" class=\"wp-image-20\"\/><\/figure>\n\n\n\n<figure class=\"wp-block-image size-full\"><img loading=\"lazy\" decoding=\"async\" width=\"10\" height=\"10\" src=\"https:\/\/savohead.com\/home\/wp-content\/uploads\/2024\/02\/10x10transparent.png\" alt=\"\" class=\"wp-image-20\"\/><\/figure>\n\n\n\n<p>Ho scritto un libro che puoi ascoltare <a href=\"https:\/\/www.audible.it\/pd\/Scriver%C3%B2-finch%C3%A9-avr%C3%B2-voce-Audiolibri\/8831002236\">qui<\/a> e ordinare <a href=\"https:\/\/www.bookdealer.it\/libro\/9788867025428\/scriver%C3%B2-finch%C3%A9-avr%C3%B2-voce\">qui<\/a>. Si chiama <strong>Scriver\u00f2 finch\u00e9 avr\u00f2 voce<\/strong> ed \u00e8 edito da <a href=\"https:\/\/www.tre60libri.it\/\">Tre60<\/a>. Spero di pubblicare altro molto presto (e non sto parlando solo del libriccino SPLIT in collaborazione con Davide Passoni, che puoi <a href=\"https:\/\/www.bookdealer.it\/libro\/9791222769479\/split-20-anni-di-poetry-slam\" data-type=\"page\" data-id=\"152\">ordinare qui<\/a>, ma proprio un libro tutto mio).<br>Nel frattempo sto provando a tenere <a href=\"https:\/\/savohead.com\/home\/affondo-perduto\/\" data-type=\"page\" data-id=\"453\">un blog<\/a>, ma non sono mai stato troppo costante, neanche le <a href=\"https:\/\/savohead.wordpress.com\">volte precedenti<\/a>.<br>Ho pubblicato qualche altro pezzo che non si trova nella raccolta.<br>E ora ho, finalmente, qualche progetto che potrebbe vedere presto la luce.<br>Quindi spero di aggiornare presto questa pagina.<\/p>\n\n\n\n<figure class=\"wp-block-image size-full\"><img loading=\"lazy\" decoding=\"async\" width=\"10\" height=\"10\" src=\"https:\/\/savohead.com\/home\/wp-content\/uploads\/2024\/02\/10x10transparent.png\" alt=\"\" class=\"wp-image-20\"\/><\/figure>\n\n\n\n<figure class=\"wp-block-image size-full\"><img loading=\"lazy\" decoding=\"async\" width=\"10\" height=\"10\" src=\"https:\/\/savohead.com\/home\/wp-content\/uploads\/2024\/02\/10x10transparent.png\" alt=\"\" class=\"wp-image-20\"\/><\/figure>\n","protected":false},"excerpt":{"rendered":"<p>Ho scritto un libro che puoi ascoltare qui e ordinare qui. Si chiama Scriver\u00f2 finch\u00e9 avr\u00f2 voce ed \u00e8 edito da Tre60. Spero di pubblicare altro molto presto (e non sto parlando solo del libriccino SPLIT in collaborazione con Davide Passoni, che puoi ordinare qui, ma proprio un libro tutto mio).Nel frattempo sto provando a [&hellip;]<\/p>\n","protected":false},"author":1,"featured_media":0,"parent":0,"menu_order":0,"comment_status":"closed","ping_status":"closed","template":"template-no-title","meta":{"footnotes":""},"class_list":["post-15","page","type-page","status-publish","hentry"],"_links":{"self":[{"href":"https:\/\/savohead.com\/home\/wp-json\/wp\/v2\/pages\/15","targetHints":{"allow":["GET"]}}],"collection":[{"href":"https:\/\/savohead.com\/home\/wp-json\/wp\/v2\/pages"}],"about":[{"href":"https:\/\/savohead.com\/home\/wp-json\/wp\/v2\/types\/page"}],"author":[{"embeddable":true,"href":"https:\/\/savohead.com\/home\/wp-json\/wp\/v2\/users\/1"}],"replies":[{"embeddable":true,"href":"https:\/\/savohead.com\/home\/wp-json\/wp\/v2\/comments?post=15"}],"version-history":[{"count":12,"href":"https:\/\/savohead.com\/home\/wp-json\/wp\/v2\/pages\/15\/revisions"}],"predecessor-version":[{"id":464,"href":"https:\/\/savohead.com\/home\/wp-json\/wp\/v2\/pages\/15\/revisions\/464"}],"wp:attachment":[{"href":"https:\/\/savohead.com\/home\/wp-json\/wp\/v2\/media?parent=15"}],"curies":[{"name":"wp","href":"https:\/\/api.w.org\/{rel}","templated":true}]}}